{"id":2940,"date":"2017-02-04T00:20:38","date_gmt":"2017-02-03T23:20:38","guid":{"rendered":"http:\/\/.\/?page_id=2940"},"modified":"2023-10-09T18:17:12","modified_gmt":"2023-10-09T16:17:12","slug":"galerie-2007-2009","status":"publish","type":"page","link":"https:\/\/stadtkapelle-bergen-enkheim.de\/?page_id=2940","title":{"rendered":"Galerie 2007 &#8211; 2009"},"content":{"rendered":"<style type=\"text\/css\">\ntable.mytable {\n\t  font-family: verdana,arial,sans-serif;\n\t  font-size:15px;\n\t  border-width: 0px;\n          border: none;\n\t  border-color: #ffffff;\n \t  border-spacing: 5%;\n          max-width: 90%;\n         table-layout:fixed;\n}\ntable.mytable td {\n   \tborder-width: 0px;\n        border: none;\n        padding: 1%;\n        border-style: solid;\n        color: #000000;\n  \tborder-color: #ffffff;\n   \tbackground-color: #084b8a;\n        width: 33%;\n}\ntable.mytable tr {\n  \tborder-width: 0px;\n        border: none;\n   \tpadding: 8px;\n        border-style: solid;\n  \tborder-color: #ffffff;\n  \tbackground-color: #ffffff;\n        word-wrap:break-all;\n}\n<\/style>\n<h3>2009<\/h3>\n<table class=\"mytable\">\n<tbody>\n<tr>\n<td><center><a style=\"text-decoration: none;\" href=\"https:\/\/sk1881.uber.space\/Home2023\/?page_id=241\"><img decoding=\"async\" src=\"https:\/\/sk1881.uber.space\/Home2023\/wp-content\/gallery\/2009-12-19-weihnachtsfeier\/thumbs\/thumbs_wf-skbe-2009-009.jpg\" alt=\"\" width=120\/><br \/>\n<span style=\"font-size: 10pt; color: #ffffff;\"><b>19.12.2009<br \/>Weihnachtsfeier<\/b><\/span><\/a><\/center>\n<\/td>\n<td><center><a style=\"text-decoration: none;\" href=\"https:\/\/sk1881.uber.space\/Home2023\/?page_id=242\"><img decoding=\"async\" src=\"https:\/\/sk1881.uber.space\/Home2023\/wp-content\/gallery\/2009-12-15-weihnachtskonzert\/thumbs\/thumbs_dsc_0725.jpg\" alt=\"\" width=120\/><br \/>\n<span style=\"font-size: 10pt; color: #ffffff;\"><b>15.12.2009<br \/>Weihnachtskonzert<\/b><\/span><\/a><\/center>\n<\/td>\n<td><center><a style=\"text-decoration: none;\" href=\"https:\/\/sk1881.uber.space\/Home2023\/?page_id=243\"><img decoding=\"async\" src=\"https:\/\/sk1881.uber.space\/Home2023\/wp-content\/gallery\/2009-11-14-lauterbach-2009\/thumbs\/thumbs_lauterbach-2009-011.jpg\" alt=\"\" width=120\/><br \/>\n<span style=\"font-size: 10pt; color: #ffffff;\"><b>14.11.2009<br \/>Probenwochenende<br \/>Lauterbach<\/b><\/span><\/a><\/center>\n<\/td>\n<\/tr>\n<tr>\n<td><center><a style=\"text-decoration: none;\" href=\"https:\/\/sk1881.uber.space\/Home2023\/?page_id=244\"><img decoding=\"async\" src=\"https:\/\/sk1881.uber.space\/Home2023\/wp-content\/gallery\/2009-10-17-jazz-meets-classic\/thumbs\/thumbs_jazz-meets-classic-19-10-2009-001.jpg\" alt=\"\" width=120\/><br \/>\n<span style=\"font-size: 10pt; color: #ffffff;\"><b>17.10.2009<br \/>Jazz Meets<br \/>Classic<\/b><\/span><\/a><\/center>\n<\/td>\n<td><center><a style=\"text-decoration: none;\" href=\"https:\/\/sk1881.uber.space\/Home2023\/?page_id=297\"><img decoding=\"async\" src=\"https:\/\/sk1881.uber.space\/Home2023\/wp-content\/gallery\/2009-08-06-scheunenprobe\/thumbs\/thumbs_3.jpg\" alt=\"\" width=120\/><br \/>\n<span style=\"font-size: 10pt; color: #ffffff;\"><b>06.08.2009<br \/>Scheunenprobe<\/b><\/span><\/a><\/center>\n<\/td>\n<td><center><a style=\"text-decoration: none;\" href=\"https:\/\/sk1881.uber.space\/Home2023\/?page_id=298\"><img decoding=\"async\" src=\"https:\/\/sk1881.uber.space\/Home2023\/wp-content\/gallery\/2009-06-21-waldschmidtstrase\/thumbs\/thumbs_nicolai-kirche003.jpg\" alt=\"\" width=120\/><br \/>\n<span style=\"font-size: 10pt; color: #ffffff;\"><b>21.06.2009<br \/>Waldschmidtstra\u00dfe<\/b><\/span><\/a><\/center>\n<\/td>\n<\/tr>\n<tr>\n<td><center><a style=\"text-decoration: none;\" href=\"https:\/\/sk1881.uber.space\/Home2023\/?page_id=299\"><img decoding=\"async\" src=\"https:\/\/sk1881.uber.space\/Home2023\/wp-content\/gallery\/2009-05-26-bergen-losheim\/thumbs\/thumbs_bl_1761.jpg\" alt=\"\" width=120\/><br \/>\n<span style=\"font-size: 10pt; color: #ffffff;\"><b>26.05.2009<br \/>Bergentreffen<\/b><\/span><\/a><\/center>\n<\/td>\n<td><center><a style=\"text-decoration: none;\" href=\"https:\/\/sk1881.uber.space\/Home2023\/?page_id=334\"><img decoding=\"async\" src=\"https:\/\/sk1881.uber.space\/Home2023\/wp-content\/gallery\/2009-05-09-fruhjahrskonzert\/thumbs\/thumbs_dsc_1052.jpg\" alt=\"\" width=120\/><br \/>\n<span style=\"font-size: 10pt; color: #ffffff;\"><b>09.05.2009<br \/>Fr\u00fchjahrskonzert<\/b><\/span><\/a><\/center>\n<\/td>\n<td><center><a style=\"text-decoration: none;\" href=\"https:\/\/sk1881.uber.space\/Home2023\/?page_id=335\"><img decoding=\"async\" src=\"https:\/\/sk1881.uber.space\/Home2023\/wp-content\/gallery\/20090501-standchen-fur-helga\/thumbs\/thumbs_dsc_0979.jpg\" alt=\"\" width=120\/><br \/>\n<span style=\"font-size: 10pt; color: #ffffff;\"><b>01.05.2009<br \/>St\u00e4ndchen<br \/>f\u00fcr Helga<\/b><\/span><\/a><\/center>\n<\/td>\n<\/tr>\n<\/tbody>\n<\/table>\n<h3>2008<\/h3>\n<table class=\"mytable\">\n<tbody>\n<tr>\n<td><center><a style=\"text-decoration: none;\" href=\"https:\/\/sk1881.uber.space\/Home2023\/?page_id=331\"><img decoding=\"async\" src=\"https:\/\/sk1881.uber.space\/Home2023\/wp-content\/gallery\/2008-12-13-weihachtskonzert\/thumbs\/thumbs_weihnachtskonzert-2008006.jpg\" alt=\"\" width=120\/><br \/>\n<span style=\"font-size: 10pt; color: #ffffff;\"><b>13.12.2008<br \/>Weihnachtskonzert<\/b><\/span><\/a><\/center>\n<\/td>\n<td><center><a style=\"text-decoration: none;\" href=\"https:\/\/sk1881.uber.space\/Home2023\/?page_id=328\"><img decoding=\"async\" src=\"https:\/\/sk1881.uber.space\/Home2023\/wp-content\/gallery\/2008-11-29-weihnachtsfeier\/thumbs\/thumbs_sk-weihnachtsfeier-08030.jpg\" alt=\"\" width=120\/><br \/>\n<span style=\"font-size: 10pt; color: #ffffff;\"><b>29.11.2008<br \/>Weihnachtsfeier<\/b><\/span><\/a><\/center>\n<\/td>\n<td><center><a style=\"text-decoration: none;\" href=\"https:\/\/sk1881.uber.space\/Home2023\/?page_id=325\"><img decoding=\"async\" src=\"https:\/\/sk1881.uber.space\/Home2023\/wp-content\/gallery\/\/2008-10-27-preisschiesen\/thumbs\/thumbs_p1080051.jpg\" alt=\"\" width=120\/><br \/>\n<span style=\"font-size: 10pt; color: #ffffff;\"><b>27.10.2008<br \/>Preisschie\u00dfen<\/b><\/span><\/a><\/center>\n<\/td>\n<\/tr>\n<tr>\n<td><center><a style=\"text-decoration: none;\" href=\"https:\/\/sk1881.uber.space\/Home2023\/?page_id=322\"><img decoding=\"async\" src=\"https:\/\/sk1881.uber.space\/Home2023\/wp-content\/gallery\/2008-10-25-lauterbach\/thumbs\/thumbs_img_2667.jpg\" alt=\"\" width=120\/><br \/>\n<span style=\"font-size: 10pt; color: #ffffff;\"><b>25.10.2008<br \/>Probenwochenende<\/b><\/span><\/a><\/center>\n<\/td>\n<td><center><a style=\"text-decoration: none;\" href=\"https:\/\/sk1881.uber.space\/Home2023\/?page_id=75\"><img decoding=\"async\" src=\"https:\/\/sk1881.uber.space\/Home2023\/wp-content\/gallery\/2008-09-13-bad-vilbel\/thumbs\/thumbs_2008-09-13-Bad-Vilbel-32.jpg\" alt=\"\" width=120\/><br \/>\n<span style=\"font-size: 10pt; color: #ffffff;\"><b>13.09.2008<br \/>Bad Vilbel<\/b><\/span><\/a><\/center>\n<\/td>\n<td><center><a style=\"text-decoration: none;\" href=\"https:\/\/sk1881.uber.space\/Home2023\/?page_id=293\"><img decoding=\"async\" src=\"https:\/\/sk1881.uber.space\/Home2023\/wp-content\/gallery\/2009-09-05-sk-moviepark\/thumbs\/thumbs_p1100338.jpg\" alt=\"\" width=120\/><br \/>\n<span style=\"font-size: 10pt; color: #ffffff;\"><b>05.09.2008<br \/>Moviepark<\/b><\/span><\/a><\/center>\n<\/td>\n<\/tr>\n<tr>\n<td><center><a style=\"text-decoration: none;\" href=\"https:\/\/sk1881.uber.space\/Home2023\/?page_id=317\"><img decoding=\"async\" src=\"https:\/\/sk1881.uber.space\/Home2023\/wp-content\/gallery\/2008-08-21-wandertag\/thumbs\/thumbs_p1070833.jpg\" alt=\"\" width=120\/><br \/>\n<span style=\"font-size: 10pt; color: #ffffff;\"><b>21.08.2008<br \/>Wandertag<\/b><\/span><\/a><\/center>\n<\/td>\n<\/tr>\n<\/tbody>\n<\/table>\n<h3>2007<\/h3>\n<table class=\"mytable\">\n<tbody>\n<tr>\n<td><center><a style=\"text-decoration: none;\" href=\".\/?page_id=342\"><img decoding=\"async\" src=\"https:\/\/sk1881.uber.space\/Home2023\/wp-content\/gallery\/konzertnachwuchshessencenter20071018\/thumbs\/thumbs_e20071018000.jpg\" alt=\"\" width=120\/><br \/>\n<span style=\"font-size: 10pt; color: #ffffff;\"><b>18.10.2007<br \/>Nachwuchs<br \/>im Hessen Center<\/b><\/span><\/a><\/center><\/td>\n<td><center><a style=\"text-decoration: none;\" href=\"https:\/\/sk1881.uber.space\/Home2023\/?page_id=352\"><img decoding=\"async\" src=\"https:\/\/sk1881.uber.space\/Home2023\/wp-content\/gallery\/2007-09-29-preisschiessendiana\/thumbs\/thumbs_p1060140.jpg\" alt=\"\" width=120\/><br \/>\n<span style=\"font-size: 10pt; color: #ffffff;\"><b>29.09.2007<br \/>Preisschie\u00dfen<\/b><\/span><\/a><\/center>\n<\/td>\n<td><center><a style=\"text-decoration: none;\" href=\"https:\/\/sk1881.uber.space\/Home2023\/?page_id=355\"><img decoding=\"async\" src=\"https:\/\/sk1881.uber.space\/Home2023\/wp-content\/gallery\/2007-09-23-konzert-nachwuchsorchester\/thumbs\/thumbs_p1060080.jpg\" alt=\"\" width=120\/><br \/>\n<span style=\"font-size: 10pt; color: #ffffff;\"><b>23.09.2007<br \/>Konzert<br \/>Nachwuchsorchester<\/b><\/span><\/a><\/center><\/td>\n<\/tr>\n<tr>\n<td><center><a style=\"text-decoration: none;\" href=\"https:\/\/sk1881.uber.space\/Home2023\/?page_id=358\"><img decoding=\"async\" src=\"https:\/\/sk1881.uber.space\/Home2023\/wp-content\/gallery\/2007-06-16-jugendwerbetag\/thumbs\/thumbs_img_0378.jpg\" alt=\"\" width=120\/><br \/>\n<span style=\"font-size: 10pt; color: #ffffff;\"><b>16.06.2007<br \/>Jugendwerbetag<\/b><\/span><\/a><\/center>\n<\/td>\n<td><center><a style=\"text-decoration: none;\" href=\"https:\/\/sk1881.uber.space\/Home2023\/?page_id=364\"><img decoding=\"async\" src=\"https:\/\/sk1881.uber.space\/Home2023\/wp-content\/gallery\/2007-05-29-erbach\/thumbs\/thumbs_img_0337.jpg\" alt=\"\" width=120\/><br \/>\n<span style=\"font-size: 10pt; color: #ffffff;\"><b>29.05.2007<br \/>Erbach<\/b><\/span><\/a><\/center>\n<\/td>\n<td><center><a style=\"text-decoration: none;\" href=\"https:\/\/sk1881.uber.space\/Home2023\/?page_id=361\"><img decoding=\"async\" src=\"https:\/\/sk1881.uber.space\/Home2023\/wp-content\/gallery\/2007-05-10-fruhjahrskonzert\/thumbs\/thumbs_img_0354.jpg\" alt=\"\" width=120\/><br \/>\n<span style=\"font-size: 10pt; color: #ffffff;\"><b>10.05.2007<br \/>Fr\u00fchjahrskonzert<\/b><\/span><\/a><\/center>\n<\/td>\n<\/tr>\n<\/tbody>\n<\/table>\n","protected":false},"excerpt":{"rendered":"<p>2009 19.12.2009Weihnachtsfeier 15.12.2009Weihnachtskonzert 14.11.2009ProbenwochenendeLauterbach 17.10.2009Jazz MeetsClassic 06.08.2009Scheunenprobe 21.06.2009Waldschmidtstra\u00dfe 26.05.2009Bergentreffen 09.05.2009Fr\u00fchjahrskonzert 01.05.2009St\u00e4ndchenf\u00fcr Helga 2008 13.12.2008Weihnachtskonzert 29.11.2008Weihnachtsfeier 27.10.2008Preisschie\u00dfen 25.10.2008Probenwochenende 13.09.2008Bad Vilbel 05.09.2008Moviepark 21.08.2008Wandertag 2007 18.10.2007Nachwuchsim Hessen Center 29.09.2007Preisschie\u00dfen 23.09.2007KonzertNachwuchsorchester 16.06.2007Jugendwerbetag 29.05.2007Erbach 10.05.2007Fr\u00fchjahrskonzert<\/p>\n","protected":false},"author":8,"featured_media":0,"parent":0,"menu_order":0,"comment_status":"closed","ping_status":"closed","template":"","meta":{"ngg_post_thumbnail":0,"footnotes":""},"class_list":["post-2940","page","type-page","status-publish","hentry"],"_links":{"self":[{"href":"https:\/\/stadtkapelle-bergen-enkheim.de\/index.php?rest_route=\/wp\/v2\/pages\/2940","targetHints":{"allow":["GET"]}}],"collection":[{"href":"https:\/\/stadtkapelle-bergen-enkheim.de\/index.php?rest_route=\/wp\/v2\/pages"}],"about":[{"href":"https:\/\/stadtkapelle-bergen-enkheim.de\/index.php?rest_route=\/wp\/v2\/types\/page"}],"author":[{"embeddable":true,"href":"https:\/\/stadtkapelle-bergen-enkheim.de\/index.php?rest_route=\/wp\/v2\/users\/8"}],"replies":[{"embeddable":true,"href":"https:\/\/stadtkapelle-bergen-enkheim.de\/index.php?rest_route=%2Fwp%2Fv2%2Fcomments&post=2940"}],"version-history":[{"count":2,"href":"https:\/\/stadtkapelle-bergen-enkheim.de\/index.php?rest_route=\/wp\/v2\/pages\/2940\/revisions"}],"predecessor-version":[{"id":6420,"href":"https:\/\/stadtkapelle-bergen-enkheim.de\/index.php?rest_route=\/wp\/v2\/pages\/2940\/revisions\/6420"}],"wp:attachment":[{"href":"https:\/\/stadtkapelle-bergen-enkheim.de\/index.php?rest_route=%2Fwp%2Fv2%2Fmedia&parent=2940"}],"curies":[{"name":"wp","href":"https:\/\/api.w.org\/{rel}","templated":true}]}}