{"id":178,"date":"2011-08-19T21:21:20","date_gmt":"2011-08-19T19:21:20","guid":{"rendered":"http:\/\/.\/?page_id=178"},"modified":"2020-05-06T17:26:21","modified_gmt":"2020-05-06T15:26:21","slug":"konzerte","status":"publish","type":"page","link":"https:\/\/stadtkapelle-bergen-enkheim.de\/?page_id=178","title":{"rendered":"Konzerte"},"content":{"rendered":"<p><strong>Fr\u00fchjahrs- und Weihnachtskonzert<\/strong><\/p>\n<p>Die Stadtkapelle veranstaltet seit \u00fcber 20 Jahren jedes Jahr sowohl ein Fr\u00fchjahrs- wie ein Weihnachtskonzert. Diese erfordern die meiste Zeit in den Proben, werden doch f\u00fcr jedes Konzert einige neu erworbene St\u00fccke und in jedem Fall ein komplett neues Programm einstudiert. Seit dem Jahr 1999 wird jedes Konzert wieder durch unser Nachwuchsorchester er\u00f6ffnet. Diese Musiker sind mittlerweile durchaus vorzeigbar (vorh\u00f6rbar?) in der Lage, ihren Anteil zu den Konzerten zu leisten.<\/p>\n<p>Die reine Spielzeit eines Konzertes ist insgesamt auf etwa 90 Minuten ausgelegt. Daher nimmt es kein Wunder, dass die Konzerte mit Pause \u00fcblicherweise \u00fcber drei Stunden dauern k\u00f6nnen\u00a0&#8211; f\u00fcr die Musiker eine anstrengende Herausforderung, die aber immer mit entsprechendem Applaus honoriert wird.<\/p>\n<p><strong>Seniorenkonzert<\/strong><\/p>\n<p>Jedes zweite Jahr kommt noch ein Seniorenkonzert hinzu, bei dem die geladenen G\u00e4ste nicht nur mit Musik, sondern auch mit Kaffee und Kuchen verw\u00f6hnt werden. Diese Veranstaltung wurde 1980 ins Leben gerufen und erfreut sich seither einer regen Nachfrage.<\/p>\n<p>Alle Konzerte finden im Volkshaus Enkheim statt, ein gl\u00fccklicher Umstand insofern, als wir in diesem Volkshaus auch proben und den Saal und seine akustischen und sonstigen Eigenarten ziemlich gut kennen. Wie aus dem <a href=\"https:\/\/sk1881.uber.space\/Home2023\/wp-content\/uploads\/2020\/05\/Saalplan_Volkshaus_2010.jpg\"><strong>Bestuhlungsplan<\/strong><\/a> ersichtlich ist, fasst der Saal maximal 409 G\u00e4ste. Zus\u00e4tzlich k\u00f6nnen noch weitere 40 Pl\u00e4tze auf einer Empore genutzt werden.<\/p>\n<p>Seit langem haben wir nicht das Problem das Haus zu f\u00fcllen, sondern die Karten f\u00fcr die Konzerte m\u00f6glichst gerecht zu verteilen. Im Klartext: wir sind zu unseren Konzerten ein ausverkauftes Haus gew\u00f6hnt. Andererseits f\u00fchren wir seit langem Diskussionen \u00fcber ein zweites Weihnachtskonzert. Schade, dass wir die m\u00fchsam einstudierten Programme immer nur einmal spielen. Immerhin finden einige St\u00fccke aus den Programmen den Weg in unsere &#8222;Stra\u00dfenmappe&#8220;, das Repertoire, mit dem wir sonstige Auftritte bestreiten.<\/p>\n","protected":false},"excerpt":{"rendered":"<p>Fr\u00fchjahrs- und Weihnachtskonzert Die Stadtkapelle veranstaltet seit \u00fcber 20 Jahren jedes Jahr sowohl ein Fr\u00fchjahrs- wie ein Weihnachtskonzert. Diese erfordern die meiste Zeit in den Proben, werden doch f\u00fcr jedes Konzert einige neu erworbene St\u00fccke und in jedem Fall ein<\/p>\n","protected":false},"author":8,"featured_media":0,"parent":141,"menu_order":0,"comment_status":"closed","ping_status":"closed","template":"","meta":{"ngg_post_thumbnail":0,"footnotes":""},"class_list":["post-178","page","type-page","status-publish","hentry"],"_links":{"self":[{"href":"https:\/\/stadtkapelle-bergen-enkheim.de\/index.php?rest_route=\/wp\/v2\/pages\/178","targetHints":{"allow":["GET"]}}],"collection":[{"href":"https:\/\/stadtkapelle-bergen-enkheim.de\/index.php?rest_route=\/wp\/v2\/pages"}],"about":[{"href":"https:\/\/stadtkapelle-bergen-enkheim.de\/index.php?rest_route=\/wp\/v2\/types\/page"}],"author":[{"embeddable":true,"href":"https:\/\/stadtkapelle-bergen-enkheim.de\/index.php?rest_route=\/wp\/v2\/users\/8"}],"replies":[{"embeddable":true,"href":"https:\/\/stadtkapelle-bergen-enkheim.de\/index.php?rest_route=%2Fwp%2Fv2%2Fcomments&post=178"}],"version-history":[{"count":0,"href":"https:\/\/stadtkapelle-bergen-enkheim.de\/index.php?rest_route=\/wp\/v2\/pages\/178\/revisions"}],"up":[{"embeddable":true,"href":"https:\/\/stadtkapelle-bergen-enkheim.de\/index.php?rest_route=\/wp\/v2\/pages\/141"}],"wp:attachment":[{"href":"https:\/\/stadtkapelle-bergen-enkheim.de\/index.php?rest_route=%2Fwp%2Fv2%2Fmedia&parent=178"}],"curies":[{"name":"wp","href":"https:\/\/api.w.org\/{rel}","templated":true}]}}